{"id":75,"date":"2026-01-15T01:05:14","date_gmt":"2026-01-15T04:05:14","guid":{"rendered":"http:\/\/hermogenesferreira.com.br\/?page_id=75"},"modified":"2026-01-18T17:09:41","modified_gmt":"2026-01-18T20:09:41","slug":"landing-page-1","status":"publish","type":"page","link":"https:\/\/hermogenesferreira.com.br\/","title":{"rendered":"Landing page 1"},"content":{"rendered":"\n<div style=\"height:79px\" aria-hidden=\"true\" class=\"wp-block-spacer\"><\/div>\n\n\n\n<div class=\"wp-block-group alignfull has-global-padding is-layout-constrained wp-block-group-is-layout-constrained\">\n<div class=\"wp-block-group alignfull has-global-padding is-layout-constrained wp-block-group-is-layout-constrained\">\n<div class=\"wp-block-columns alignfull is-not-stacked-on-mobile has-montserrat-font-family is-layout-flex wp-container-core-columns-is-layout-40e2f041 wp-block-columns-is-layout-flex\" style=\"border-style:none;border-width:0px;border-top-left-radius:0px;border-top-right-radius:0px;border-bottom-left-radius:0px;border-bottom-right-radius:0px;margin-top:0;margin-bottom:0;padding-top:0\">\n<div class=\"wp-block-column is-layout-flow wp-block-column-is-layout-flow\" style=\"flex-basis:55.17%\">\n<figure class=\"wp-block-image aligncenter size-full is-resized\" style=\"margin-left:var(--wp--preset--spacing--70)\"><img loading=\"lazy\" decoding=\"async\" width=\"1027\" height=\"1372\" src=\"http:\/\/hermogenesferreira.com.br\/wp-content\/uploads\/2026\/01\/WCT_16-de-julho-de-2014_0122-a-2.jpg\" alt=\"\" class=\"wp-image-82\" style=\"aspect-ratio:0.7485501495635187;object-fit:cover;width:349px;height:auto\" srcset=\"https:\/\/hermogenesferreira.com.br\/wp-content\/uploads\/2026\/01\/WCT_16-de-julho-de-2014_0122-a-2.jpg 1027w, https:\/\/hermogenesferreira.com.br\/wp-content\/uploads\/2026\/01\/WCT_16-de-julho-de-2014_0122-a-2-225x300.jpg 225w, https:\/\/hermogenesferreira.com.br\/wp-content\/uploads\/2026\/01\/WCT_16-de-julho-de-2014_0122-a-2-767x1024.jpg 767w, https:\/\/hermogenesferreira.com.br\/wp-content\/uploads\/2026\/01\/WCT_16-de-julho-de-2014_0122-a-2-768x1026.jpg 768w\" sizes=\"auto, (max-width: 1027px) 100vw, 1027px\" \/><\/figure>\n<\/div>\n\n\n\n<div class=\"wp-block-column has-medium-font-size is-layout-flow wp-container-core-column-is-layout-741af725 wp-block-column-is-layout-flow\" style=\"border-style:none;border-width:0px;padding-right:var(--wp--preset--spacing--80);padding-left:0;flex-basis:69%\">\n<p class=\"has-montserrat-font-family has-large-font-size\" style=\"border-style:none;border-width:0px;margin-top:0;margin-right:0;margin-bottom:0;margin-left:0;font-style:normal;font-weight:400\"><strong>Hermogenes Ferreira<\/strong> \u00e9 um escrit\u00f3rio de advocacia com atua\u00e7\u00e3o focada no assessoramento jur\u00eddico de empresas e na organiza\u00e7\u00e3o e prote\u00e7\u00e3o patrimonial.<\/p>\n\n\n\n<p><\/p>\n\n\n\n<p class=\"has-montserrat-font-family has-large-font-size\" style=\"border-style:none;border-width:0px;margin-top:0;margin-right:0;margin-bottom:0;margin-left:0;font-style:normal;font-weight:400\"><br>A atua\u00e7\u00e3o \u00e9 orientada pela compreens\u00e3o do neg\u00f3cio do cliente e pela busca de solu\u00e7\u00f5es jur\u00eddicas objetivas, seguras e eficientes, com aten\u00e7\u00e3o \u00e0s demandas contratuais, empresariais e imobili\u00e1rias.<\/p>\n\n\n\n<p><\/p>\n\n\n\n<p class=\"has-montserrat-font-family has-large-font-size\" style=\"border-style:none;border-width:0px;margin-top:0;margin-right:0;margin-bottom:0;margin-left:0;font-style:normal;font-weight:400\"><br>A atua\u00e7\u00e3o do escrit\u00f3rio concentra-se nas seguintes \u00e1reas:<br><\/p>\n<\/div>\n<\/div>\n\n\n\n<div style=\"height:79px\" aria-hidden=\"true\" class=\"wp-block-spacer\"><\/div>\n\n\n\n<div class=\"wp-block-columns alignwide is-layout-flex wp-container-core-columns-is-layout-bd0694fa wp-block-columns-is-layout-flex\" style=\"border-style:none;border-width:0px;border-top-left-radius:0px;border-top-right-radius:0px;border-bottom-left-radius:0px;border-bottom-right-radius:0px;margin-top:0;margin-bottom:0;padding-top:0;padding-right:var(--wp--preset--spacing--40);padding-bottom:0;padding-left:var(--wp--preset--spacing--40)\">\n<div class=\"wp-block-column is-vertically-aligned-top is-layout-flow wp-block-column-is-layout-flow\" style=\"border-style:none;border-width:0px;border-top-left-radius:0px;border-top-right-radius:0px;border-bottom-left-radius:0px;border-bottom-right-radius:0px;flex-basis:380px\">\n<div class=\"wp-block-cover has-custom-content-position is-position-top-left\" style=\"min-height:340px;aspect-ratio:unset;\"><img loading=\"lazy\" decoding=\"async\" width=\"497\" height=\"622\" class=\"wp-block-cover__image-background wp-image-107\" alt=\"\" src=\"http:\/\/hermogenesferreira.com.br\/wp-content\/uploads\/2026\/01\/Gemini_Generated_Image_1skf6v1skf6v1skf.png\" data-object-fit=\"cover\" srcset=\"https:\/\/hermogenesferreira.com.br\/wp-content\/uploads\/2026\/01\/Gemini_Generated_Image_1skf6v1skf6v1skf.png 497w, https:\/\/hermogenesferreira.com.br\/wp-content\/uploads\/2026\/01\/Gemini_Generated_Image_1skf6v1skf6v1skf-240x300.png 240w\" sizes=\"auto, (max-width: 497px) 100vw, 497px\" \/><span aria-hidden=\"true\" class=\"wp-block-cover__background has-background-dim\"><\/span><div class=\"wp-block-cover__inner-container is-layout-flow wp-block-cover-is-layout-flow\">\n<p class=\"has-text-align-left has-x-large-font-size\">Empresas<\/p>\n<\/div><\/div>\n<\/div>\n\n\n\n<div class=\"wp-block-column is-vertically-aligned-top is-layout-flow wp-block-column-is-layout-flow\" style=\"flex-basis:380px\">\n<div class=\"wp-block-cover has-custom-content-position is-position-top-left has-x-large-font-size\" style=\"min-height:340px;aspect-ratio:unset;\"><img loading=\"lazy\" decoding=\"async\" width=\"439\" height=\"544\" class=\"wp-block-cover__image-background wp-image-108\" alt=\"\" src=\"http:\/\/hermogenesferreira.com.br\/wp-content\/uploads\/2026\/01\/Gemini_Generated_Image_p5t8kmp5t8kmp5t8.png\" data-object-fit=\"cover\" srcset=\"https:\/\/hermogenesferreira.com.br\/wp-content\/uploads\/2026\/01\/Gemini_Generated_Image_p5t8kmp5t8kmp5t8.png 439w, https:\/\/hermogenesferreira.com.br\/wp-content\/uploads\/2026\/01\/Gemini_Generated_Image_p5t8kmp5t8kmp5t8-242x300.png 242w\" sizes=\"auto, (max-width: 439px) 100vw, 439px\" \/><span aria-hidden=\"true\" class=\"wp-block-cover__background has-background-dim\"><\/span><div class=\"wp-block-cover__inner-container is-layout-flow wp-block-cover-is-layout-flow\">\n<p>Contratos<\/p>\n<\/div><\/div>\n<\/div>\n\n\n\n<div class=\"wp-block-column is-vertically-aligned-top is-layout-flow wp-block-column-is-layout-flow\" style=\"flex-basis:380px\">\n<div class=\"wp-block-cover has-custom-content-position is-position-top-left has-x-large-font-size\" style=\"min-height:340px;aspect-ratio:unset;\"><img loading=\"lazy\" decoding=\"async\" width=\"457\" height=\"569\" class=\"wp-block-cover__image-background wp-image-109\" alt=\"\" src=\"http:\/\/hermogenesferreira.com.br\/wp-content\/uploads\/2026\/01\/Gemini_Generated_Image_6g3l4b6g3l4b6g3l.png\" data-object-fit=\"cover\" srcset=\"https:\/\/hermogenesferreira.com.br\/wp-content\/uploads\/2026\/01\/Gemini_Generated_Image_6g3l4b6g3l4b6g3l.png 457w, https:\/\/hermogenesferreira.com.br\/wp-content\/uploads\/2026\/01\/Gemini_Generated_Image_6g3l4b6g3l4b6g3l-241x300.png 241w\" sizes=\"auto, (max-width: 457px) 100vw, 457px\" \/><span aria-hidden=\"true\" class=\"wp-block-cover__background has-background-dim\"><\/span><div class=\"wp-block-cover__inner-container is-layout-flow wp-block-cover-is-layout-flow\">\n<p>Im\u00f3veis<\/p>\n<\/div><\/div>\n<\/div>\n\n\n\n<div class=\"wp-block-column is-vertically-aligned-top is-layout-flow wp-block-column-is-layout-flow\" style=\"flex-basis:425px\">\n<div class=\"wp-block-cover has-custom-content-position is-position-top-left\" style=\"min-height:339px;aspect-ratio:unset;\"><img loading=\"lazy\" decoding=\"async\" width=\"476\" height=\"601\" class=\"wp-block-cover__image-background wp-image-110\" alt=\"\" src=\"http:\/\/hermogenesferreira.com.br\/wp-content\/uploads\/2026\/01\/Gemini_Generated_Image_q70t8iq70t8iq70t.png\" data-object-fit=\"cover\" srcset=\"https:\/\/hermogenesferreira.com.br\/wp-content\/uploads\/2026\/01\/Gemini_Generated_Image_q70t8iq70t8iq70t.png 476w, https:\/\/hermogenesferreira.com.br\/wp-content\/uploads\/2026\/01\/Gemini_Generated_Image_q70t8iq70t8iq70t-238x300.png 238w\" sizes=\"auto, (max-width: 476px) 100vw, 476px\" \/><span aria-hidden=\"true\" class=\"wp-block-cover__background has-background-dim\"><\/span><div class=\"wp-block-cover__inner-container is-layout-flow wp-block-cover-is-layout-flow\">\n<p class=\"has-x-large-font-size\">Planejamento Patrimonial<\/p>\n<\/div><\/div>\n<\/div>\n<\/div>\n\n\n\n<div style=\"height:100px\" aria-hidden=\"true\" class=\"wp-block-spacer\"><\/div>\n<\/div>\n<\/div>\n","protected":false},"excerpt":{"rendered":"<p>Hermogenes Ferreira \u00e9 um escrit\u00f3rio de advocacia com atua\u00e7\u00e3o focada no assessoramento jur\u00eddico de empresas e na organiza\u00e7\u00e3o e prote\u00e7\u00e3o patrimonial. A atua\u00e7\u00e3o \u00e9 orientada pela compreens\u00e3o do neg\u00f3cio do cliente e pela busca de solu\u00e7\u00f5es jur\u00eddicas objetivas, seguras e eficientes, com aten\u00e7\u00e3o \u00e0s demandas contratuais, empresariais e imobili\u00e1rias. A atua\u00e7\u00e3o do escrit\u00f3rio concentra-se nas [&hellip;]<\/p>\n","protected":false},"author":1,"featured_media":0,"parent":0,"menu_order":0,"comment_status":"closed","ping_status":"closed","template":"page-no-title","meta":{"footnotes":""},"class_list":["post-75","page","type-page","status-publish","hentry"],"_links":{"self":[{"href":"https:\/\/hermogenesferreira.com.br\/index.php\/wp-json\/wp\/v2\/pages\/75","targetHints":{"allow":["GET"]}}],"collection":[{"href":"https:\/\/hermogenesferreira.com.br\/index.php\/wp-json\/wp\/v2\/pages"}],"about":[{"href":"https:\/\/hermogenesferreira.com.br\/index.php\/wp-json\/wp\/v2\/types\/page"}],"author":[{"embeddable":true,"href":"https:\/\/hermogenesferreira.com.br\/index.php\/wp-json\/wp\/v2\/users\/1"}],"replies":[{"embeddable":true,"href":"https:\/\/hermogenesferreira.com.br\/index.php\/wp-json\/wp\/v2\/comments?post=75"}],"version-history":[{"count":22,"href":"https:\/\/hermogenesferreira.com.br\/index.php\/wp-json\/wp\/v2\/pages\/75\/revisions"}],"predecessor-version":[{"id":123,"href":"https:\/\/hermogenesferreira.com.br\/index.php\/wp-json\/wp\/v2\/pages\/75\/revisions\/123"}],"wp:attachment":[{"href":"https:\/\/hermogenesferreira.com.br\/index.php\/wp-json\/wp\/v2\/media?parent=75"}],"curies":[{"name":"wp","href":"https:\/\/api.w.org\/{rel}","templated":true}]}}